{"id":2542,"date":"2020-07-23T14:33:56","date_gmt":"2020-07-23T14:33:56","guid":{"rendered":"https:\/\/wp.globemission.org\/globe\/about-us\/non-profit-status-anbi-german"},"modified":"2024-05-31T08:35:53","modified_gmt":"2024-05-31T08:35:53","slug":"non-profit-status-anbi-german","status":"publish","type":"page","link":"https:\/\/www.globemission.org\/en\/globe\/about-us\/non-profit-status-anbi-german\/","title":{"rendered":"Non-profit status | ANBI (german)"},"content":{"rendered":"<div id='av_section_1'  class='avia-section av-65kpev-968869b0052b276c4cfcaf75942a9a43 main_color avia-section-default avia-no-border-styling  avia-builder-el-0  el_before_av_textblock  avia-builder-el-first  avia-bg-style-scroll container_wrap fullsize'  ><div class='container av-section-cont-open' ><main  role=\"main\" itemprop=\"mainContentOfPage\"  class='template-page content  av-content-full alpha units'><div class='post-entry post-entry-type-page post-entry-2542'><div class='entry-content-wrapper clearfix'>\n\n<style type=\"text\/css\" data-created_by=\"avia_inline_auto\" id=\"style-css-av-258sxz-f1d81a4a04032e20953e2ed62fcdb8b3\">\n.flex_column.av-258sxz-f1d81a4a04032e20953e2ed62fcdb8b3{\nborder-radius:0px 0px 0px 0px;\npadding:0px 0px 0px 0px;\n}\n<\/style>\n<div  class='flex_column av-258sxz-f1d81a4a04032e20953e2ed62fcdb8b3 av_one_full  avia-builder-el-1  avia-builder-el-no-sibling  first flex_column_div av-zero-column-padding  '     ><style type=\"text\/css\" data-created_by=\"avia_inline_auto\" id=\"style-css-av-363r14-a81555faf64c00c719830c73d67c8ace\">\n#top .av-special-heading.av-363r14-a81555faf64c00c719830c73d67c8ace{\npadding-bottom:10px;\n}\nbody .av-special-heading.av-363r14-a81555faf64c00c719830c73d67c8ace .av-special-heading-tag .heading-char{\nfont-size:25px;\n}\n.av-special-heading.av-363r14-a81555faf64c00c719830c73d67c8ace .av-subheading{\nfont-size:15px;\n}\n<\/style>\n<div  class='av-special-heading av-363r14-a81555faf64c00c719830c73d67c8ace av-special-heading-h1 blockquote modern-quote modern-centered  avia-builder-el-2  avia-builder-el-no-sibling '><h1 class='av-special-heading-tag '  itemprop=\"headline\"  >Non-profit status | ANBI (german)<\/h1><div class=\"special-heading-border\"><div class=\"special-heading-inner-border\"><\/div><\/div><\/div><\/div>\n<\/div><\/div><\/main><!-- close content main element --><\/div><\/div><div id='after_section_1'  class='main_color av_default_container_wrap container_wrap fullsize'  ><div class='container av-section-cont-open' ><div class='template-page content  av-content-full alpha units'><div class='post-entry post-entry-type-page post-entry-2542'><div class='entry-content-wrapper clearfix'>\n<section  class='av_textblock_section av-av_textblock-92ab5b4c5448b40ef3b82fb3d397e98e '   itemscope=\"itemscope\" itemtype=\"https:\/\/schema.org\/CreativeWork\" ><div class='avia_textblock'  itemprop=\"text\" ><p><strong>Name der Organisation:<br \/>\n<\/strong>Globe Mission e.V.<\/p>\n<p><strong>Steuernummer:<\/strong><br \/>\nDeutschland: 130\/5955\/2955<br \/>\nNiederlanden: 823768983 (RSIN\/fiscaal nummer ANBI)<\/p>\n<p><strong>Anschrift:<\/strong><br \/>\nG\u00fcterstra\u00dfe 37, 46499 Hamminkeln, Deutschland<\/p>\n<p><strong>Unser Vorstand:<\/strong><br \/>\nAndreas Pestke, Gerbert Lagerweij, Christoph Scharnwerber<\/p>\n<p><strong>Unsere Verg\u00fctungspolitik:<\/strong><br \/>\nDas Richtlinien-Handbuch sagt unter Satzung\/Haushalt:<br \/>\n\u201eDie Verg\u00fctung der Mitglieder des Vorstandes wird in Ab\u00e4nderung der Vorschriften in \u00a7 27 Abs. 2 in Verbindung mit \u00a7 622 BGB ausdr\u00fccklich zugelassen. Dazu geh\u00f6rt insbesondere auch die Zahlung von Aufwandsentsch\u00e4digungen nach der Vorschrift des \u00a7 3 Nr. 26a ESTG.\u201c<\/p>\n<h3><strong>Unsere Strategie:<\/strong><\/h3>\n<p><strong>1. Was wir machen:<\/strong><br \/>\nAls Missionsgesellschaft k\u00fcmmern wir uns individuell um unsere Missionare und begleiten sie bei ihrer Arbeit auf dem Missionsfeld. Missionare erhalten bei uns<br \/>\n\u2022\u00a0\u00a0\u00a0 einf\u00fchrende Trainings und vorbereitende Seminare<br \/>\n\u2022\u00a0\u00a0\u00a0 Strategieentwicklung und Projektberatung<br \/>\n\u2022\u00a0\u00a0\u00a0 Beratung bei Visa-Angelegenheiten, Aufenthaltsgenehmigungen und Geld\u00fcberweisungen<br \/>\n\u2022\u00a0 \u00a0 Psychologische Begleitung<br \/>\n\u2022\u00a0\u00a0\u00a0 Spendenbuchhaltung und \u00d6ffentlichkeitsarbeit<br \/>\n\u2022\u00a0\u00a0\u00a0 Beratung in der finanziellen und sozialen Absicherung.<\/p>\n<p>Wir f\u00fchren Schulungen und Seminare f\u00fcr Missionsinteressierte durch und wollen so das Bewusstsein von Christen f\u00fcr Missionsarbeit sch\u00e4rfen sowie potenzielle k\u00fcnftige Missionare f\u00fcr ihre Berufung vorbereiten.<br \/>\nAuch beraten wir Gemeinden bei der Begleitung ihrer Missionare und engagieren uns in Gemeinde- und Missionsnetzwerken.<\/p>\n<p><strong>2. Wie wir uns finanzieren:<\/strong><br \/>\nWir finanzieren uns \u00fcber regelm\u00e4\u00dfige oder einmalige Spenden von Freunden und Unterst\u00fctzern. Unsere Missionare verpflichten sich zudem bei Vertragsabschluss, uns monatlich zehn Prozent ihrer Spendeneinnahmen zu zahlen.<\/p>\n<p><strong>3. Wie wir unsere Gelder einsetzen:<\/strong><br \/>\nMembercare<br \/>\nIT<br \/>\nReisen<br \/>\nGeh\u00e4lter<br \/>\nVeranstaltungen<br \/>\nHausinstandhaltung<br \/>\n\u00d6ffentlichkeitsarbeit<\/p>\n<h3><strong>Unser Ziel:<\/strong><\/h3>\n<p>Wir wollen \u201eMission m\u00f6glich machen\u201c \u2013 f\u00fcr Missionare, ihre Familien, Unterst\u00fctzerkreise und Gemeinden. Unser Auftrag ist die Zusammenarbeit mit Missionaren, die einen Ruf in die Mission haben, Vision und Initiative mitbringen und ihre Berufung mithilfe eines fachkundigen Teams umsetzen wollen. Diese Hilfe will Globe den Missionaren bieten.<\/p>\n<p><strong>Jahresbericht \u00fcber ausgef\u00fchrte Aktivit\u00e4ten<br \/>\n<\/strong><a href=\"https:\/\/www.globemission.org\/wp-content\/uploads\/2023\/09\/Taetigkeitsbericht-GM-2022.pdf\">T\u00e4tigkeitsbericht 2022<\/a><strong><br \/>\n<\/strong><\/p>\n<p><strong>Finanzieller Jahresbericht<\/strong><br \/>\nGlobe Mission unterliegt als mildt\u00e4tiger und gemeinn\u00fctziger\/religi\u00f6ser Verein (eingetragen beim Weseler Finanzamt unter der Steuernummer 130\/5955\/2955) der regelm\u00e4\u00dfigen, externen Buchf\u00fchrungskontrolle. Wir legen einen gro\u00dfen Wert auf Transparenz und einen effizienten Umgang mit den uns anvertrauten Geldern.<\/p>\n<p><a href=\"https:\/\/www.globemission.org\/wp-content\/uploads\/2023\/09\/Ertraege-Globe-Mission-e.V.-2022.pdf\" target=\"_blank\" rel=\"noopener\">Ertr\u00e4ge 2022<\/a> und\u00a0<a href=\"https:\/\/www.globemission.org\/wp-content\/uploads\/2023\/09\/Aufwendungen-Globe-Mission-e.V.-2022.pdf\" target=\"_blank\" rel=\"noopener\">Aufwendungen 2022<\/a><\/p>\n<\/div><\/section>\n","protected":false},"excerpt":{"rendered":"","protected":false},"author":2,"featured_media":0,"parent":2540,"menu_order":3,"comment_status":"closed","ping_status":"closed","template":"","meta":{"footnotes":""},"class_list":["post-2542","page","type-page","status-publish","hentry"],"yoast_head":"<!-- This site is optimized with the Yoast SEO plugin v27.4 - https:\/\/yoast.com\/product\/yoast-seo-wordpress\/ -->\n<title>Non-profit status | ANBI (german) - Globe Mission<\/title>\n<meta name=\"robots\" content=\"index, follow, max-snippet:-1, max-image-preview:large, max-video-preview:-1\" \/>\n<link rel=\"canonical\" href=\"https:\/\/www.globemission.org\/en\/globe\/about-us\/non-profit-status-anbi-german\/\" \/>\n<meta property=\"og:locale\" content=\"en_US\" \/>\n<meta property=\"og:type\" content=\"article\" \/>\n<meta property=\"og:title\" content=\"Non-profit status | ANBI (german) - Globe Mission\" \/>\n<meta property=\"og:url\" content=\"https:\/\/www.globemission.org\/en\/globe\/about-us\/non-profit-status-anbi-german\/\" \/>\n<meta property=\"og:site_name\" content=\"Globe Mission\" \/>\n<meta property=\"article:modified_time\" content=\"2024-05-31T08:35:53+00:00\" \/>\n<meta name=\"twitter:card\" content=\"summary_large_image\" \/>\n<meta name=\"twitter:label1\" content=\"Est. reading time\" \/>\n\t<meta name=\"twitter:data1\" content=\"2 minutes\" \/>\n<script type=\"application\/ld+json\" class=\"yoast-schema-graph\">{\"@context\":\"https:\\\/\\\/schema.org\",\"@graph\":[{\"@type\":\"WebPage\",\"@id\":\"https:\\\/\\\/www.globemission.org\\\/en\\\/globe\\\/about-us\\\/non-profit-status-anbi-german\\\/\",\"url\":\"https:\\\/\\\/www.globemission.org\\\/en\\\/globe\\\/about-us\\\/non-profit-status-anbi-german\\\/\",\"name\":\"Non-profit status | ANBI (german) - Globe Mission\",\"isPartOf\":{\"@id\":\"https:\\\/\\\/www.globemission.org\\\/en\\\/#website\"},\"datePublished\":\"2020-07-23T14:33:56+00:00\",\"dateModified\":\"2024-05-31T08:35:53+00:00\",\"breadcrumb\":{\"@id\":\"https:\\\/\\\/www.globemission.org\\\/en\\\/globe\\\/about-us\\\/non-profit-status-anbi-german\\\/#breadcrumb\"},\"inLanguage\":\"en-US\",\"potentialAction\":[{\"@type\":\"ReadAction\",\"target\":[\"https:\\\/\\\/www.globemission.org\\\/en\\\/globe\\\/about-us\\\/non-profit-status-anbi-german\\\/\"]}]},{\"@type\":\"BreadcrumbList\",\"@id\":\"https:\\\/\\\/www.globemission.org\\\/en\\\/globe\\\/about-us\\\/non-profit-status-anbi-german\\\/#breadcrumb\",\"itemListElement\":[{\"@type\":\"ListItem\",\"position\":1,\"name\":\"Startseite\",\"item\":\"https:\\\/\\\/www.globemission.org\\\/en\\\/\"},{\"@type\":\"ListItem\",\"position\":2,\"name\":\"Globe\",\"item\":\"https:\\\/\\\/www.globemission.org\\\/en\\\/globe\\\/\"},{\"@type\":\"ListItem\",\"position\":3,\"name\":\"About us\",\"item\":\"https:\\\/\\\/www.globemission.org\\\/globe\\\/ueber-uns\\\/\"},{\"@type\":\"ListItem\",\"position\":4,\"name\":\"Non-profit status | ANBI (german)\"}]},{\"@type\":\"WebSite\",\"@id\":\"https:\\\/\\\/www.globemission.org\\\/en\\\/#website\",\"url\":\"https:\\\/\\\/www.globemission.org\\\/en\\\/\",\"name\":\"Globe Mission\",\"description\":\"Wir machen Mission m\u00f6glich - damit Menschen Jesus finden.\",\"potentialAction\":[{\"@type\":\"SearchAction\",\"target\":{\"@type\":\"EntryPoint\",\"urlTemplate\":\"https:\\\/\\\/www.globemission.org\\\/en\\\/?s={search_term_string}\"},\"query-input\":{\"@type\":\"PropertyValueSpecification\",\"valueRequired\":true,\"valueName\":\"search_term_string\"}}],\"inLanguage\":\"en-US\"}]}<\/script>\n<!-- \/ Yoast SEO plugin. -->","yoast_head_json":{"title":"Non-profit status | ANBI (german) - Globe Mission","robots":{"index":"index","follow":"follow","max-snippet":"max-snippet:-1","max-image-preview":"max-image-preview:large","max-video-preview":"max-video-preview:-1"},"canonical":"https:\/\/www.globemission.org\/en\/globe\/about-us\/non-profit-status-anbi-german\/","og_locale":"en_US","og_type":"article","og_title":"Non-profit status | ANBI (german) - Globe Mission","og_url":"https:\/\/www.globemission.org\/en\/globe\/about-us\/non-profit-status-anbi-german\/","og_site_name":"Globe Mission","article_modified_time":"2024-05-31T08:35:53+00:00","twitter_card":"summary_large_image","twitter_misc":{"Est. reading time":"2 minutes"},"schema":{"@context":"https:\/\/schema.org","@graph":[{"@type":"WebPage","@id":"https:\/\/www.globemission.org\/en\/globe\/about-us\/non-profit-status-anbi-german\/","url":"https:\/\/www.globemission.org\/en\/globe\/about-us\/non-profit-status-anbi-german\/","name":"Non-profit status | ANBI (german) - Globe Mission","isPartOf":{"@id":"https:\/\/www.globemission.org\/en\/#website"},"datePublished":"2020-07-23T14:33:56+00:00","dateModified":"2024-05-31T08:35:53+00:00","breadcrumb":{"@id":"https:\/\/www.globemission.org\/en\/globe\/about-us\/non-profit-status-anbi-german\/#breadcrumb"},"inLanguage":"en-US","potentialAction":[{"@type":"ReadAction","target":["https:\/\/www.globemission.org\/en\/globe\/about-us\/non-profit-status-anbi-german\/"]}]},{"@type":"BreadcrumbList","@id":"https:\/\/www.globemission.org\/en\/globe\/about-us\/non-profit-status-anbi-german\/#breadcrumb","itemListElement":[{"@type":"ListItem","position":1,"name":"Startseite","item":"https:\/\/www.globemission.org\/en\/"},{"@type":"ListItem","position":2,"name":"Globe","item":"https:\/\/www.globemission.org\/en\/globe\/"},{"@type":"ListItem","position":3,"name":"About us","item":"https:\/\/www.globemission.org\/globe\/ueber-uns\/"},{"@type":"ListItem","position":4,"name":"Non-profit status | ANBI (german)"}]},{"@type":"WebSite","@id":"https:\/\/www.globemission.org\/en\/#website","url":"https:\/\/www.globemission.org\/en\/","name":"Globe Mission","description":"Wir machen Mission m\u00f6glich - damit Menschen Jesus finden.","potentialAction":[{"@type":"SearchAction","target":{"@type":"EntryPoint","urlTemplate":"https:\/\/www.globemission.org\/en\/?s={search_term_string}"},"query-input":{"@type":"PropertyValueSpecification","valueRequired":true,"valueName":"search_term_string"}}],"inLanguage":"en-US"}]}},"_links":{"self":[{"href":"https:\/\/www.globemission.org\/en\/wp-json\/wp\/v2\/pages\/2542","targetHints":{"allow":["GET"]}}],"collection":[{"href":"https:\/\/www.globemission.org\/en\/wp-json\/wp\/v2\/pages"}],"about":[{"href":"https:\/\/www.globemission.org\/en\/wp-json\/wp\/v2\/types\/page"}],"author":[{"embeddable":true,"href":"https:\/\/www.globemission.org\/en\/wp-json\/wp\/v2\/users\/2"}],"replies":[{"embeddable":true,"href":"https:\/\/www.globemission.org\/en\/wp-json\/wp\/v2\/comments?post=2542"}],"version-history":[{"count":0,"href":"https:\/\/www.globemission.org\/en\/wp-json\/wp\/v2\/pages\/2542\/revisions"}],"up":[{"embeddable":true,"href":"https:\/\/www.globemission.org\/en\/wp-json\/wp\/v2\/pages\/2540"}],"wp:attachment":[{"href":"https:\/\/www.globemission.org\/en\/wp-json\/wp\/v2\/media?parent=2542"}],"curies":[{"name":"wp","href":"https:\/\/api.w.org\/{rel}","templated":true}]}}